{"id":490,"date":"2018-05-29T10:55:44","date_gmt":"2018-05-29T14:55:44","guid":{"rendered":"https:\/\/highfive.sociationdev.com\/?page_id=490"},"modified":"2023-03-22T15:51:28","modified_gmt":"2023-03-22T19:51:28","slug":"annee-passee-en-revue","status":"publish","type":"page","link":"https:\/\/uncoupdemainpourlesenfants.com\/fr\/annee-passee-en-revue\/","title":{"rendered":"ANN\u00c9E PASS\u00c9E EN REVUE"},"content":{"rendered":"<p>La Fondation Un coup de main pour les enfants de l\u2019AIA offre des subventions et des bourses d\u2019\u00e9tudes, soutenant des OSBL locaux et nationaux offrant des programmes \u00e0 l\u2019intention d\u2019enfants et de jeunes. Les projets financ\u00e9s par la fondation procurent de la formation, du mat\u00e9riel, des exp\u00e9riences de vie et de l\u2019assistance afin d\u2019aider des jeunes et des enfants \u00e0 r\u00e9aliser tout leur potentiel. Chaque ann\u00e9e, la fondation accorde aussi des bourses d\u2019\u00e9tudes au Canada \u00e0 des \u00e9tudiants et \u00e9tudiantes souhaitant poursuivre des \u00e9tudes li\u00e9es au march\u00e9 secondaire de l\u2019automobile.<\/p>\n<p>La Fondation AIA Un coup de main pour les enfants (H5s4Ks) est con\u00e7ue pour permettre aux membres de l&rsquo;AIA Canada de contribuer \u00e0 leur collectivit\u00e9.<\/p>\n<p>En 2022, la Fondation AIA Un coup de main pour les enfants (H5s4Ks) a fait don de plus de <strong>26 500 $<\/strong> \u00e0 des organismes de bienfaisance dans l&rsquo;ensemble du pays.<\/p>\n<h3>D\u00e9fi du pr\u00e9sident<\/h3>\n<p>La Fondation AIA Un coup de main pour les enfants (H5s4Ks) a amass\u00e9 un total de <strong>24 532,44 $<\/strong> dans le cadre du D\u00e9fi du pr\u00e9sident.<\/p>\n<hr \/>\n<h3>Subventions de la Fondation Un coup de main pour les enfants<\/h3>\n<table style=\"height: 72px; width: 75%; border-collapse: collapse;\">\n<tbody>\n<tr style=\"height: 24px;\">\n<td style=\"height: 24px; width: 400px;\">YWCA &#8211; Edmonton | <strong>3 000 $<\/strong><\/td>\n<td style=\"height: 24px; width: 400px;\">YWCA of Calgary | <strong>7 000 $<\/strong><\/td>\n<\/tr>\n<tr style=\"height: 24px;\">\n<td style=\"height: 24px; width: 400px;\">The Children&rsquo;s Breakfast Clubs | <strong>5 000 $<\/strong><\/td>\n<td style=\"height: 24px; width: 400px;\">Kerr Street Community Services (Kerr Street Mission) | <strong>5 000 $<\/strong><\/td>\n<\/tr>\n<tr style=\"height: 24px;\">\n<td style=\"height: 24px; width: 400px;\">Child and Family Services of Western Manitoba | <strong>1 500 $<\/strong><\/td>\n<td style=\"height: 24px; width: 400px;\">Junior Achievement of Northern Alberta | <strong>5 000 $<\/strong><\/td>\n<\/tr>\n<\/tbody>\n<\/table>\n<hr \/>\n<h3>Bourses d\u2019\u00e9tudes : B\u00e2tir l\u2019avenir<\/h3>\n<p>Des bourses d\u2019\u00e9tudes sont accord\u00e9es chaque ann\u00e9e \u00e0 travers le Canada \u00e0 des \u00e9tudiants et des \u00e9tudiantes qualifi\u00e9s et une aide financi\u00e8re est fournie \u00e0 ceux et celles qui souhaitent poursuivre leurs \u00e9tudes dans le domaine du march\u00e9 secondaire de l\u2019automobile.<\/p>\n<p><strong>Gagnants de la bourse d\u2019\u00e9tudes Arthur Paulin &#8211; 700 $<\/strong><\/p>\n<ul>\n<li>Ashvyn Kaila<\/li>\n<li>Coen Kwon<\/li>\n<li>Manroop Singh<\/li>\n<li>Mark Tirbany<\/li>\n<\/ul>\n<p><strong>Les laur\u00e9ats des bourses d&rsquo;\u00e9tudes du Coll\u00e8ge Georgian &#8211; 500 $<\/strong><\/p>\n<ul>\n<li>Marc-Olivier Blouin<\/li>\n<li>Brock Irvine<\/li>\n<li>Tyler Mitchell<\/li>\n<li>Joshua Taylor<\/li>\n<\/ul>\n<p><strong>Programme de bourses d\u2019\u00e9tudes de l\u2019AIA Canada et de la Fondation de l\u2019universit\u00e9 du march\u00e9 secondaire &#8211; 1 000 $<\/strong><\/p>\n<ul>\n<li>Lujayn Ali<\/li>\n<li>Reghan Benner<\/li>\n<li>Adrian Brennan<\/li>\n<li>Kiyomi Burke<\/li>\n<li>Karolina Dobiszewska<\/li>\n<li>Quinn Legg<\/li>\n<li>Asmi Kaur Multani<\/li>\n<li>Alex Shibu<\/li>\n<li>Emily Truman<\/li>\n<li>Alex Zeng<\/li>\n<\/ul>\n<p><strong>Division du Qu\u00e9bec : Bourses d\u2019\u00e9tudes &#8211; 500 $<\/strong><\/p>\n<ul>\n<li>Sebastien Muller<\/li>\n<li>Mathiew Delorme<\/li>\n<li>Michael Bluteau-Canzi<\/li>\n<\/ul>\n<p><strong>Bourse d\u2019\u00e9tudes de la fondation AIA un coup de main pour les enfants\u202f &#8211; 1 000 $<\/strong><\/p>\n<ul>\n<li>Blake Wishloff<\/li>\n<\/ul>\n","protected":false},"excerpt":{"rendered":"<p>La Fondation Un coup de main pour les enfants de l\u2019AIA offre des subventions et des bourses d\u2019\u00e9tudes, soutenant des OSBL locaux et nationaux offrant des programmes \u00e0 l\u2019intention d\u2019enfants et de jeunes. Les projets financ\u00e9s par la fondation procurent de la formation, du mat\u00e9riel, des exp\u00e9riences de vie et de l\u2019assistance afin d\u2019aider des [&hellip;]<\/p>\n","protected":false},"author":2,"featured_media":334,"parent":0,"menu_order":0,"comment_status":"closed","ping_status":"closed","template":"","meta":{"_acf_changed":false,"_genesis_hide_title":false,"_genesis_hide_breadcrumbs":false,"_genesis_hide_singular_image":false,"_genesis_hide_footer_widgets":false,"_genesis_custom_body_class":"","_genesis_custom_post_class":"","_genesis_layout":"","footnotes":""},"class_list":{"0":"post-490","1":"page","2":"type-page","3":"status-publish","4":"has-post-thumbnail","6":"entry"},"acf":[],"yoast_head":"<!-- This site is optimized with the Yoast SEO plugin v24.4 - https:\/\/yoast.com\/wordpress\/plugins\/seo\/ -->\n<title>ANN\u00c9E PASS\u00c9E EN REVUE - AIA High Fives For Kids Foundation<\/title>\n<meta name=\"robots\" content=\"index, follow, max-snippet:-1, max-image-preview:large, max-video-preview:-1\" \/>\n<link rel=\"canonical\" href=\"https:\/\/aiahighfivesforkids.ca\/fr\/annee-passee-en-revue\/\" \/>\n<meta property=\"og:locale\" content=\"fr_FR\" \/>\n<meta property=\"og:type\" content=\"article\" \/>\n<meta property=\"og:title\" content=\"ANN\u00c9E PASS\u00c9E EN REVUE - AIA High Fives For Kids Foundation\" \/>\n<meta property=\"og:description\" content=\"La Fondation Un coup de main pour les enfants de l\u2019AIA offre des subventions et des bourses d\u2019\u00e9tudes, soutenant des OSBL locaux et nationaux offrant des programmes \u00e0 l\u2019intention d\u2019enfants et de jeunes. Les projets financ\u00e9s par la fondation procurent de la formation, du mat\u00e9riel, des exp\u00e9riences de vie et de l\u2019assistance afin d\u2019aider des [&hellip;]\" \/>\n<meta property=\"og:url\" content=\"https:\/\/aiahighfivesforkids.ca\/fr\/annee-passee-en-revue\/\" \/>\n<meta property=\"og:site_name\" content=\"AIA High Fives For Kids Foundation\" \/>\n<meta property=\"article:modified_time\" content=\"2023-03-22T19:51:28+00:00\" \/>\n<meta property=\"og:image\" content=\"https:\/\/aiahighfivesforkids.ca\/wp-content\/uploads\/2018\/05\/HIGH5-Tug-Kids.jpg\" \/>\n\t<meta property=\"og:image:width\" content=\"2000\" \/>\n\t<meta property=\"og:image:height\" content=\"800\" \/>\n\t<meta property=\"og:image:type\" content=\"image\/jpeg\" \/>\n<meta name=\"twitter:card\" content=\"summary_large_image\" \/>\n<meta name=\"twitter:label1\" content=\"Dur\u00e9e de lecture estim\u00e9e\" \/>\n\t<meta name=\"twitter:data1\" content=\"2 minutes\" \/>\n<script type=\"application\/ld+json\" class=\"yoast-schema-graph\">{\"@context\":\"https:\/\/schema.org\",\"@graph\":[{\"@type\":\"WebPage\",\"@id\":\"https:\/\/aiahighfivesforkids.ca\/fr\/annee-passee-en-revue\/\",\"url\":\"https:\/\/aiahighfivesforkids.ca\/fr\/annee-passee-en-revue\/\",\"name\":\"ANN\u00c9E PASS\u00c9E EN REVUE - AIA High Fives For Kids Foundation\",\"isPartOf\":{\"@id\":\"https:\/\/ns1.sociationmarketing.com\/en\/#website\"},\"primaryImageOfPage\":{\"@id\":\"https:\/\/aiahighfivesforkids.ca\/fr\/annee-passee-en-revue\/#primaryimage\"},\"image\":{\"@id\":\"https:\/\/aiahighfivesforkids.ca\/fr\/annee-passee-en-revue\/#primaryimage\"},\"thumbnailUrl\":\"https:\/\/uncoupdemainpourlesenfants.com\/wp-content\/uploads\/2018\/05\/HIGH5-Tug-Kids.jpg\",\"datePublished\":\"2018-05-29T14:55:44+00:00\",\"dateModified\":\"2023-03-22T19:51:28+00:00\",\"breadcrumb\":{\"@id\":\"https:\/\/aiahighfivesforkids.ca\/fr\/annee-passee-en-revue\/#breadcrumb\"},\"inLanguage\":\"fr-FR\",\"potentialAction\":[{\"@type\":\"ReadAction\",\"target\":[\"https:\/\/aiahighfivesforkids.ca\/fr\/annee-passee-en-revue\/\"]}]},{\"@type\":\"ImageObject\",\"inLanguage\":\"fr-FR\",\"@id\":\"https:\/\/aiahighfivesforkids.ca\/fr\/annee-passee-en-revue\/#primaryimage\",\"url\":\"https:\/\/uncoupdemainpourlesenfants.com\/wp-content\/uploads\/2018\/05\/HIGH5-Tug-Kids.jpg\",\"contentUrl\":\"https:\/\/uncoupdemainpourlesenfants.com\/wp-content\/uploads\/2018\/05\/HIGH5-Tug-Kids.jpg\",\"width\":2000,\"height\":800},{\"@type\":\"BreadcrumbList\",\"@id\":\"https:\/\/aiahighfivesforkids.ca\/fr\/annee-passee-en-revue\/#breadcrumb\",\"itemListElement\":[{\"@type\":\"ListItem\",\"position\":1,\"name\":\"Home\",\"item\":\"https:\/\/ns1.sociationmarketing.com\/en\/\"},{\"@type\":\"ListItem\",\"position\":2,\"name\":\"ANN\u00c9E PASS\u00c9E EN REVUE\"}]},{\"@type\":\"WebSite\",\"@id\":\"https:\/\/ns1.sociationmarketing.com\/en\/#website\",\"url\":\"https:\/\/ns1.sociationmarketing.com\/en\/\",\"name\":\"AIA High Fives For Kids Foundation\",\"description\":\"\",\"potentialAction\":[{\"@type\":\"SearchAction\",\"target\":{\"@type\":\"EntryPoint\",\"urlTemplate\":\"https:\/\/ns1.sociationmarketing.com\/en\/?s={search_term_string}\"},\"query-input\":{\"@type\":\"PropertyValueSpecification\",\"valueRequired\":true,\"valueName\":\"search_term_string\"}}],\"inLanguage\":\"fr-FR\"}]}<\/script>\n<!-- \/ Yoast SEO plugin. -->","yoast_head_json":{"title":"ANN\u00c9E PASS\u00c9E EN REVUE - AIA High Fives For Kids Foundation","robots":{"index":"index","follow":"follow","max-snippet":"max-snippet:-1","max-image-preview":"max-image-preview:large","max-video-preview":"max-video-preview:-1"},"canonical":"https:\/\/aiahighfivesforkids.ca\/fr\/annee-passee-en-revue\/","og_locale":"fr_FR","og_type":"article","og_title":"ANN\u00c9E PASS\u00c9E EN REVUE - AIA High Fives For Kids Foundation","og_description":"La Fondation Un coup de main pour les enfants de l\u2019AIA offre des subventions et des bourses d\u2019\u00e9tudes, soutenant des OSBL locaux et nationaux offrant des programmes \u00e0 l\u2019intention d\u2019enfants et de jeunes. Les projets financ\u00e9s par la fondation procurent de la formation, du mat\u00e9riel, des exp\u00e9riences de vie et de l\u2019assistance afin d\u2019aider des [&hellip;]","og_url":"https:\/\/aiahighfivesforkids.ca\/fr\/annee-passee-en-revue\/","og_site_name":"AIA High Fives For Kids Foundation","article_modified_time":"2023-03-22T19:51:28+00:00","og_image":[{"width":2000,"height":800,"url":"https:\/\/aiahighfivesforkids.ca\/wp-content\/uploads\/2018\/05\/HIGH5-Tug-Kids.jpg","type":"image\/jpeg"}],"twitter_card":"summary_large_image","twitter_misc":{"Dur\u00e9e de lecture estim\u00e9e":"2 minutes"},"schema":{"@context":"https:\/\/schema.org","@graph":[{"@type":"WebPage","@id":"https:\/\/aiahighfivesforkids.ca\/fr\/annee-passee-en-revue\/","url":"https:\/\/aiahighfivesforkids.ca\/fr\/annee-passee-en-revue\/","name":"ANN\u00c9E PASS\u00c9E EN REVUE - AIA High Fives For Kids Foundation","isPartOf":{"@id":"https:\/\/ns1.sociationmarketing.com\/en\/#website"},"primaryImageOfPage":{"@id":"https:\/\/aiahighfivesforkids.ca\/fr\/annee-passee-en-revue\/#primaryimage"},"image":{"@id":"https:\/\/aiahighfivesforkids.ca\/fr\/annee-passee-en-revue\/#primaryimage"},"thumbnailUrl":"https:\/\/uncoupdemainpourlesenfants.com\/wp-content\/uploads\/2018\/05\/HIGH5-Tug-Kids.jpg","datePublished":"2018-05-29T14:55:44+00:00","dateModified":"2023-03-22T19:51:28+00:00","breadcrumb":{"@id":"https:\/\/aiahighfivesforkids.ca\/fr\/annee-passee-en-revue\/#breadcrumb"},"inLanguage":"fr-FR","potentialAction":[{"@type":"ReadAction","target":["https:\/\/aiahighfivesforkids.ca\/fr\/annee-passee-en-revue\/"]}]},{"@type":"ImageObject","inLanguage":"fr-FR","@id":"https:\/\/aiahighfivesforkids.ca\/fr\/annee-passee-en-revue\/#primaryimage","url":"https:\/\/uncoupdemainpourlesenfants.com\/wp-content\/uploads\/2018\/05\/HIGH5-Tug-Kids.jpg","contentUrl":"https:\/\/uncoupdemainpourlesenfants.com\/wp-content\/uploads\/2018\/05\/HIGH5-Tug-Kids.jpg","width":2000,"height":800},{"@type":"BreadcrumbList","@id":"https:\/\/aiahighfivesforkids.ca\/fr\/annee-passee-en-revue\/#breadcrumb","itemListElement":[{"@type":"ListItem","position":1,"name":"Home","item":"https:\/\/ns1.sociationmarketing.com\/en\/"},{"@type":"ListItem","position":2,"name":"ANN\u00c9E PASS\u00c9E EN REVUE"}]},{"@type":"WebSite","@id":"https:\/\/ns1.sociationmarketing.com\/en\/#website","url":"https:\/\/ns1.sociationmarketing.com\/en\/","name":"AIA High Fives For Kids Foundation","description":"","potentialAction":[{"@type":"SearchAction","target":{"@type":"EntryPoint","urlTemplate":"https:\/\/ns1.sociationmarketing.com\/en\/?s={search_term_string}"},"query-input":{"@type":"PropertyValueSpecification","valueRequired":true,"valueName":"search_term_string"}}],"inLanguage":"fr-FR"}]}},"_links":{"self":[{"href":"https:\/\/uncoupdemainpourlesenfants.com\/fr\/wp-json\/wp\/v2\/pages\/490"}],"collection":[{"href":"https:\/\/uncoupdemainpourlesenfants.com\/fr\/wp-json\/wp\/v2\/pages"}],"about":[{"href":"https:\/\/uncoupdemainpourlesenfants.com\/fr\/wp-json\/wp\/v2\/types\/page"}],"author":[{"embeddable":true,"href":"https:\/\/uncoupdemainpourlesenfants.com\/fr\/wp-json\/wp\/v2\/users\/2"}],"replies":[{"embeddable":true,"href":"https:\/\/uncoupdemainpourlesenfants.com\/fr\/wp-json\/wp\/v2\/comments?post=490"}],"version-history":[{"count":9,"href":"https:\/\/uncoupdemainpourlesenfants.com\/fr\/wp-json\/wp\/v2\/pages\/490\/revisions"}],"predecessor-version":[{"id":1251,"href":"https:\/\/uncoupdemainpourlesenfants.com\/fr\/wp-json\/wp\/v2\/pages\/490\/revisions\/1251"}],"wp:featuredmedia":[{"embeddable":true,"href":"https:\/\/uncoupdemainpourlesenfants.com\/fr\/wp-json\/wp\/v2\/media\/334"}],"wp:attachment":[{"href":"https:\/\/uncoupdemainpourlesenfants.com\/fr\/wp-json\/wp\/v2\/media?parent=490"}],"curies":[{"name":"wp","href":"https:\/\/api.w.org\/{rel}","templated":true}]}}