{"id":854,"date":"2019-03-26T10:26:59","date_gmt":"2019-03-26T14:26:59","guid":{"rendered":"https:\/\/aiahighfivesforkids.ca\/?page_id=854"},"modified":"2026-04-07T10:05:42","modified_gmt":"2026-04-07T14:05:42","slug":"bourse-detudes-de-la-fondation-de-luniversite-du-marche-secondaire-uofaf","status":"publish","type":"page","link":"https:\/\/uncoupdemainpourlesenfants.com\/fr\/bourse-detudes-de-la-fondation-de-luniversite-du-marche-secondaire-uofaf\/","title":{"rendered":"Bourse d\u2019\u00e9tudes de la Fondation de l\u2019universit\u00e9 du march\u00e9 secondaire (UofAF)"},"content":{"rendered":"<p><strong><img loading=\"lazy\" decoding=\"async\" class=\"alignright size-medium wp-image-826\" src=\"https:\/\/aiahighfivesforkids.ca\/wp-content\/uploads\/2019\/03\/UofAF-logo-vertical-1-300x237-300x237.jpg\" alt=\"\" width=\"300\" height=\"237\" \/><\/strong>Les jeunes comme vous, avec un grand potentiel intellectuel et beaucoup d\u2019entrain, sont l\u2019avenir du march\u00e9 secondaire de l&rsquo;automobile. Pour vous aider \u00e0 d\u00e9marrer votre carri\u00e8re, plusieurs associations du march\u00e9 secondaire de l\u2019automobile ont cr\u00e9\u00e9 le programme de la Fondation de l\u2019universit\u00e9 du march\u00e9 secondaire (UofAF) en 1996. Le programme est financ\u00e9 par les b\u00e9n\u00e9fices nettes de la Fondation de l\u2019universit\u00e9 du march\u00e9 secondaire (UofAF).<\/p>\n<p><strong>Les candidats s\u00e9lectionn\u00e9s re\u00e7oivent une bourse de 1000\u00a0$ (canadien). <\/strong>Bien que tous les \u00e9l\u00e8ves soient encourag\u00e9es \u00e0 pr\u00e9senter une demande, la priorit\u00e9 sera accord\u00e9e aux personnes qui poursuivent une carri\u00e8re dans le march\u00e9 secondaire de l\u2019automobile (\u00e9galement connu sous le nom d\u2019industrie de l\u2019entretien et de la r\u00e9paration automobile). En outre, une subvention \u00e9quivalente est accord\u00e9e aux boursiers qui deviennent des techniciens dans le march\u00e9 secondaire de l\u2019automobile. <strong>Vous pouvez demander votre subvention \u00e9quivalente jusqu\u2019\u00e0 un an apr\u00e8s l\u2019obtention du dipl\u00f4me.<\/strong> <em>\u00c0 noter\u00a0: les \u00e9l\u00e8ves doivent \u00eatre inscrits \u00e0 temps plein pour l\u2019ann\u00e9e o\u00f9 la bourse est accord\u00e9e. Par exemple, si vous postulez cette ann\u00e9e, vous devez \u00eatre inscrit pour l\u2019ann\u00e9e scolaire commen\u00e7ant en septembre de cette ann\u00e9e et se terminant en avril de l\u2019ann\u00e9e suivante.<\/em><\/p>\n<h2><strong>Subvention \u00e9quivalente de 1<\/strong><strong>\u2009<\/strong><strong>000\u00a0$<\/strong><\/h2>\n<p>Les anciens b\u00e9n\u00e9ficiaires sont admissibles \u00e0 une subvention \u00e9quivalente s\u2019ils fournissent la preuve qu\u2019ils ont \u00e9t\u00e9 employ\u00e9s dans le march\u00e9 secondaire de l\u2019automobile pendant au moins six (6) mois.<\/p>\n<p>Pour faire une demande de subvention \u00e9quivalente\u00a0: Le b\u00e9n\u00e9ficiaire doit fournir une lettre de son employeur confirmant son statut d\u2019emploi, son titre de poste et la dur\u00e9e de son emploi.<\/p>\n<h2><strong>Politiques<\/strong><\/h2>\n<ul>\n<li style=\"list-style-type: none;\">\n<ul>\n<li>Les candidats doivent \u00eatre inscrits dans un programme de niveau coll\u00e9gial, universitaire ou automobile accr\u00e9dit\u00e9. Les \u00e9l\u00e8ves doivent \u00eatre inscrits \u00e0 temps plein pour l\u2019ann\u00e9e de la bourse. Vous devez \u00eatre inscrit pour le mois de septembre de l\u2019ann\u00e9e o\u00f9 vous postulez jusqu\u2019au mois d\u2019avril de l\u2019ann\u00e9e suivante.<\/li>\n<\/ul>\n<\/li>\n<\/ul>\n<ul>\n<li style=\"list-style-type: none;\">\n<ul>\n<li>Pr\u00e9f\u00e9rence sera accord\u00e9e aux personnes qui poursuivent une carri\u00e8re dans l\u2019industrie du march\u00e9 secondaire de l\u2019automobile.<\/li>\n<li>Les participantes et les participants doivent suivre un programme \u00e0 temps plein au Canada. Les programmes d\u2019\u00e9tudes sup\u00e9rieures et de premier cycle \u00e0 temps partiel ne sont pas admissibles.<\/li>\n<\/ul>\n<\/li>\n<\/ul>\n<p><!--\n \t\n\n<li>Le personnel du Symposium mondial du march\u00e9 secondaire de l\u2019automobile et les membres de leur famille ne sont pas admissibles.<\/li>\n\n\n \t\n\n<li>Les r\u00e9cipiendaires ant\u00e9rieurs du programme GAAS ne sont pas admissibles.<\/li>\n\n\n--><\/p>\n<h2><strong>Exigences de soumission<\/strong><\/h2>\n<p>Il est imp\u00e9ratif que toutes les demandes soient d\u00fbment remplies, car les demandes incompl\u00e8tes ne seront pas trait\u00e9es.<\/p>\n<ul>\n<li>La demande de bourse accompagn\u00e9e de votre essai (au moins 250 mots, pas plus d\u2019une page, double interligne), indiquant pourquoi vous croyez m\u00e9riter d\u2019\u00eatre choisi pour recevoir une bourse.<\/li>\n<li>Que vous soyez encore \u00e0 l\u2019\u00e9cole secondaire ou que vous ayez d\u00e9j\u00e0 obtenu votre dipl\u00f4me, mais que vous n\u2019ayez pas encore commenc\u00e9 vos \u00e9tudes postsecondaires, vous devez fournir un relev\u00e9 de notes.<\/li>\n<li>Si vous suivez un programme d\u2019\u00e9tudes postsecondaires, une copie de votre relev\u00e9 de notes officiel scolaire actuel.<\/li>\n<\/ul>\n<ul>\n<li>Lettre de recommandation (d\u2019un non-membre de la famille, de pr\u00e9f\u00e9rence un employeur, un corps enseignant ou quelqu\u2019un d\u2019autre qu\u2019un ami ou une amie de la famille).<\/li>\n<\/ul>\n<p><strong>P\u00e9riode de candidature : <\/strong>du 1er\u00a0janvier au 31\u00a0mars de chaque ann\u00e9e<\/p>\n<h2><strong>Pour pr\u00e9senter une demande<\/strong><\/h2>\n<p>La p\u00e9riode de candidature pour cette ann\u00e9e est termin\u00e9e. Pr\u00e9parez-vous \u2014 elle rouvrira le 1er janvier et nous avons h\u00e2te de recevoir votre candidature!<\/p>\n","protected":false},"excerpt":{"rendered":"<p>Les jeunes comme vous, avec un grand potentiel intellectuel et beaucoup d\u2019entrain, sont l\u2019avenir du march\u00e9 secondaire de l&rsquo;automobile. Pour vous aider \u00e0 d\u00e9marrer votre carri\u00e8re, plusieurs associations du march\u00e9 secondaire de l\u2019automobile ont cr\u00e9\u00e9 le programme de la Fondation de l\u2019universit\u00e9 du march\u00e9 secondaire (UofAF) en 1996. Le programme est financ\u00e9 par les b\u00e9n\u00e9fices [&hellip;]<\/p>\n","protected":false},"author":5,"featured_media":0,"parent":0,"menu_order":0,"comment_status":"closed","ping_status":"closed","template":"","meta":{"_acf_changed":false,"_genesis_hide_title":false,"_genesis_hide_breadcrumbs":false,"_genesis_hide_singular_image":false,"_genesis_hide_footer_widgets":false,"_genesis_custom_body_class":"","_genesis_custom_post_class":"","_genesis_layout":"","footnotes":""},"class_list":{"0":"post-854","1":"page","2":"type-page","3":"status-publish","5":"entry"},"acf":[],"yoast_head":"<!-- This site is optimized with the Yoast SEO plugin v24.4 - https:\/\/yoast.com\/wordpress\/plugins\/seo\/ -->\n<title>Bourse d\u2019\u00e9tudes de la Fondation de l\u2019universit\u00e9 du march\u00e9 secondaire (UofAF) - AIA High Fives For Kids Foundation<\/title>\n<meta name=\"robots\" content=\"index, follow, max-snippet:-1, max-image-preview:large, max-video-preview:-1\" \/>\n<link rel=\"canonical\" href=\"https:\/\/mail.aiauncoupdemainpourlesenfants.com\/fr\/bourse-detudes-de-la-fondation-de-luniversite-du-marche-secondaire-uofaf\/\" \/>\n<meta property=\"og:locale\" content=\"fr_FR\" \/>\n<meta property=\"og:type\" content=\"article\" \/>\n<meta property=\"og:title\" content=\"Bourse d\u2019\u00e9tudes de la Fondation de l\u2019universit\u00e9 du march\u00e9 secondaire (UofAF) - AIA High Fives For Kids Foundation\" \/>\n<meta property=\"og:description\" content=\"Les jeunes comme vous, avec un grand potentiel intellectuel et beaucoup d\u2019entrain, sont l\u2019avenir du march\u00e9 secondaire de l&rsquo;automobile. Pour vous aider \u00e0 d\u00e9marrer votre carri\u00e8re, plusieurs associations du march\u00e9 secondaire de l\u2019automobile ont cr\u00e9\u00e9 le programme de la Fondation de l\u2019universit\u00e9 du march\u00e9 secondaire (UofAF) en 1996. Le programme est financ\u00e9 par les b\u00e9n\u00e9fices [&hellip;]\" \/>\n<meta property=\"og:url\" content=\"https:\/\/mail.aiauncoupdemainpourlesenfants.com\/fr\/bourse-detudes-de-la-fondation-de-luniversite-du-marche-secondaire-uofaf\/\" \/>\n<meta property=\"og:site_name\" content=\"AIA High Fives For Kids Foundation\" \/>\n<meta property=\"article:modified_time\" content=\"2026-04-07T14:05:42+00:00\" \/>\n<meta property=\"og:image\" content=\"https:\/\/aiahighfivesforkids.ca\/wp-content\/uploads\/2019\/03\/UofAF-logo-vertical-1-300x237-300x237.jpg\" \/>\n<meta name=\"twitter:card\" content=\"summary_large_image\" \/>\n<meta name=\"twitter:label1\" content=\"Dur\u00e9e de lecture estim\u00e9e\" \/>\n\t<meta name=\"twitter:data1\" content=\"3 minutes\" \/>\n<script type=\"application\/ld+json\" class=\"yoast-schema-graph\">{\"@context\":\"https:\/\/schema.org\",\"@graph\":[{\"@type\":\"WebPage\",\"@id\":\"https:\/\/mail.aiauncoupdemainpourlesenfants.com\/fr\/bourse-detudes-de-la-fondation-de-luniversite-du-marche-secondaire-uofaf\/\",\"url\":\"https:\/\/mail.aiauncoupdemainpourlesenfants.com\/fr\/bourse-detudes-de-la-fondation-de-luniversite-du-marche-secondaire-uofaf\/\",\"name\":\"Bourse d\u2019\u00e9tudes de la Fondation de l\u2019universit\u00e9 du march\u00e9 secondaire (UofAF) - AIA High Fives For Kids Foundation\",\"isPartOf\":{\"@id\":\"https:\/\/aiahighfivesforkids.ca\/en\/#website\"},\"primaryImageOfPage\":{\"@id\":\"https:\/\/mail.aiauncoupdemainpourlesenfants.com\/fr\/bourse-detudes-de-la-fondation-de-luniversite-du-marche-secondaire-uofaf\/#primaryimage\"},\"image\":{\"@id\":\"https:\/\/mail.aiauncoupdemainpourlesenfants.com\/fr\/bourse-detudes-de-la-fondation-de-luniversite-du-marche-secondaire-uofaf\/#primaryimage\"},\"thumbnailUrl\":\"https:\/\/aiahighfivesforkids.ca\/wp-content\/uploads\/2019\/03\/UofAF-logo-vertical-1-300x237-300x237.jpg\",\"datePublished\":\"2019-03-26T14:26:59+00:00\",\"dateModified\":\"2026-04-07T14:05:42+00:00\",\"breadcrumb\":{\"@id\":\"https:\/\/mail.aiauncoupdemainpourlesenfants.com\/fr\/bourse-detudes-de-la-fondation-de-luniversite-du-marche-secondaire-uofaf\/#breadcrumb\"},\"inLanguage\":\"fr-FR\",\"potentialAction\":[{\"@type\":\"ReadAction\",\"target\":[\"https:\/\/mail.aiauncoupdemainpourlesenfants.com\/fr\/bourse-detudes-de-la-fondation-de-luniversite-du-marche-secondaire-uofaf\/\"]}]},{\"@type\":\"ImageObject\",\"inLanguage\":\"fr-FR\",\"@id\":\"https:\/\/mail.aiauncoupdemainpourlesenfants.com\/fr\/bourse-detudes-de-la-fondation-de-luniversite-du-marche-secondaire-uofaf\/#primaryimage\",\"url\":\"https:\/\/aiahighfivesforkids.ca\/wp-content\/uploads\/2019\/03\/UofAF-logo-vertical-1-300x237-300x237.jpg\",\"contentUrl\":\"https:\/\/aiahighfivesforkids.ca\/wp-content\/uploads\/2019\/03\/UofAF-logo-vertical-1-300x237-300x237.jpg\"},{\"@type\":\"BreadcrumbList\",\"@id\":\"https:\/\/mail.aiauncoupdemainpourlesenfants.com\/fr\/bourse-detudes-de-la-fondation-de-luniversite-du-marche-secondaire-uofaf\/#breadcrumb\",\"itemListElement\":[{\"@type\":\"ListItem\",\"position\":1,\"name\":\"Home\",\"item\":\"https:\/\/aiahighfivesforkids.ca\/en\/\"},{\"@type\":\"ListItem\",\"position\":2,\"name\":\"Bourse d\u2019\u00e9tudes de la Fondation de l\u2019universit\u00e9 du march\u00e9 secondaire (UofAF)\"}]},{\"@type\":\"WebSite\",\"@id\":\"https:\/\/aiahighfivesforkids.ca\/en\/#website\",\"url\":\"https:\/\/aiahighfivesforkids.ca\/en\/\",\"name\":\"AIA High Fives For Kids Foundation\",\"description\":\"\",\"potentialAction\":[{\"@type\":\"SearchAction\",\"target\":{\"@type\":\"EntryPoint\",\"urlTemplate\":\"https:\/\/aiahighfivesforkids.ca\/en\/?s={search_term_string}\"},\"query-input\":{\"@type\":\"PropertyValueSpecification\",\"valueRequired\":true,\"valueName\":\"search_term_string\"}}],\"inLanguage\":\"fr-FR\"}]}<\/script>\n<!-- \/ Yoast SEO plugin. -->","yoast_head_json":{"title":"Bourse d\u2019\u00e9tudes de la Fondation de l\u2019universit\u00e9 du march\u00e9 secondaire (UofAF) - AIA High Fives For Kids Foundation","robots":{"index":"index","follow":"follow","max-snippet":"max-snippet:-1","max-image-preview":"max-image-preview:large","max-video-preview":"max-video-preview:-1"},"canonical":"https:\/\/mail.aiauncoupdemainpourlesenfants.com\/fr\/bourse-detudes-de-la-fondation-de-luniversite-du-marche-secondaire-uofaf\/","og_locale":"fr_FR","og_type":"article","og_title":"Bourse d\u2019\u00e9tudes de la Fondation de l\u2019universit\u00e9 du march\u00e9 secondaire (UofAF) - AIA High Fives For Kids Foundation","og_description":"Les jeunes comme vous, avec un grand potentiel intellectuel et beaucoup d\u2019entrain, sont l\u2019avenir du march\u00e9 secondaire de l&rsquo;automobile. Pour vous aider \u00e0 d\u00e9marrer votre carri\u00e8re, plusieurs associations du march\u00e9 secondaire de l\u2019automobile ont cr\u00e9\u00e9 le programme de la Fondation de l\u2019universit\u00e9 du march\u00e9 secondaire (UofAF) en 1996. Le programme est financ\u00e9 par les b\u00e9n\u00e9fices [&hellip;]","og_url":"https:\/\/mail.aiauncoupdemainpourlesenfants.com\/fr\/bourse-detudes-de-la-fondation-de-luniversite-du-marche-secondaire-uofaf\/","og_site_name":"AIA High Fives For Kids Foundation","article_modified_time":"2026-04-07T14:05:42+00:00","og_image":[{"url":"https:\/\/aiahighfivesforkids.ca\/wp-content\/uploads\/2019\/03\/UofAF-logo-vertical-1-300x237-300x237.jpg","type":"","width":"","height":""}],"twitter_card":"summary_large_image","twitter_misc":{"Dur\u00e9e de lecture estim\u00e9e":"3 minutes"},"schema":{"@context":"https:\/\/schema.org","@graph":[{"@type":"WebPage","@id":"https:\/\/mail.aiauncoupdemainpourlesenfants.com\/fr\/bourse-detudes-de-la-fondation-de-luniversite-du-marche-secondaire-uofaf\/","url":"https:\/\/mail.aiauncoupdemainpourlesenfants.com\/fr\/bourse-detudes-de-la-fondation-de-luniversite-du-marche-secondaire-uofaf\/","name":"Bourse d\u2019\u00e9tudes de la Fondation de l\u2019universit\u00e9 du march\u00e9 secondaire (UofAF) - AIA High Fives For Kids Foundation","isPartOf":{"@id":"https:\/\/aiahighfivesforkids.ca\/en\/#website"},"primaryImageOfPage":{"@id":"https:\/\/mail.aiauncoupdemainpourlesenfants.com\/fr\/bourse-detudes-de-la-fondation-de-luniversite-du-marche-secondaire-uofaf\/#primaryimage"},"image":{"@id":"https:\/\/mail.aiauncoupdemainpourlesenfants.com\/fr\/bourse-detudes-de-la-fondation-de-luniversite-du-marche-secondaire-uofaf\/#primaryimage"},"thumbnailUrl":"https:\/\/aiahighfivesforkids.ca\/wp-content\/uploads\/2019\/03\/UofAF-logo-vertical-1-300x237-300x237.jpg","datePublished":"2019-03-26T14:26:59+00:00","dateModified":"2026-04-07T14:05:42+00:00","breadcrumb":{"@id":"https:\/\/mail.aiauncoupdemainpourlesenfants.com\/fr\/bourse-detudes-de-la-fondation-de-luniversite-du-marche-secondaire-uofaf\/#breadcrumb"},"inLanguage":"fr-FR","potentialAction":[{"@type":"ReadAction","target":["https:\/\/mail.aiauncoupdemainpourlesenfants.com\/fr\/bourse-detudes-de-la-fondation-de-luniversite-du-marche-secondaire-uofaf\/"]}]},{"@type":"ImageObject","inLanguage":"fr-FR","@id":"https:\/\/mail.aiauncoupdemainpourlesenfants.com\/fr\/bourse-detudes-de-la-fondation-de-luniversite-du-marche-secondaire-uofaf\/#primaryimage","url":"https:\/\/aiahighfivesforkids.ca\/wp-content\/uploads\/2019\/03\/UofAF-logo-vertical-1-300x237-300x237.jpg","contentUrl":"https:\/\/aiahighfivesforkids.ca\/wp-content\/uploads\/2019\/03\/UofAF-logo-vertical-1-300x237-300x237.jpg"},{"@type":"BreadcrumbList","@id":"https:\/\/mail.aiauncoupdemainpourlesenfants.com\/fr\/bourse-detudes-de-la-fondation-de-luniversite-du-marche-secondaire-uofaf\/#breadcrumb","itemListElement":[{"@type":"ListItem","position":1,"name":"Home","item":"https:\/\/aiahighfivesforkids.ca\/en\/"},{"@type":"ListItem","position":2,"name":"Bourse d\u2019\u00e9tudes de la Fondation de l\u2019universit\u00e9 du march\u00e9 secondaire (UofAF)"}]},{"@type":"WebSite","@id":"https:\/\/aiahighfivesforkids.ca\/en\/#website","url":"https:\/\/aiahighfivesforkids.ca\/en\/","name":"AIA High Fives For Kids Foundation","description":"","potentialAction":[{"@type":"SearchAction","target":{"@type":"EntryPoint","urlTemplate":"https:\/\/aiahighfivesforkids.ca\/en\/?s={search_term_string}"},"query-input":{"@type":"PropertyValueSpecification","valueRequired":true,"valueName":"search_term_string"}}],"inLanguage":"fr-FR"}]}},"_links":{"self":[{"href":"https:\/\/uncoupdemainpourlesenfants.com\/fr\/wp-json\/wp\/v2\/pages\/854"}],"collection":[{"href":"https:\/\/uncoupdemainpourlesenfants.com\/fr\/wp-json\/wp\/v2\/pages"}],"about":[{"href":"https:\/\/uncoupdemainpourlesenfants.com\/fr\/wp-json\/wp\/v2\/types\/page"}],"author":[{"embeddable":true,"href":"https:\/\/uncoupdemainpourlesenfants.com\/fr\/wp-json\/wp\/v2\/users\/5"}],"replies":[{"embeddable":true,"href":"https:\/\/uncoupdemainpourlesenfants.com\/fr\/wp-json\/wp\/v2\/comments?post=854"}],"version-history":[{"count":13,"href":"https:\/\/uncoupdemainpourlesenfants.com\/fr\/wp-json\/wp\/v2\/pages\/854\/revisions"}],"predecessor-version":[{"id":1423,"href":"https:\/\/uncoupdemainpourlesenfants.com\/fr\/wp-json\/wp\/v2\/pages\/854\/revisions\/1423"}],"wp:attachment":[{"href":"https:\/\/uncoupdemainpourlesenfants.com\/fr\/wp-json\/wp\/v2\/media?parent=854"}],"curies":[{"name":"wp","href":"https:\/\/api.w.org\/{rel}","templated":true}]}}